{"id":9299,"date":"2023-06-15T11:30:58","date_gmt":"2023-06-15T14:30:58","guid":{"rendered":"https:\/\/museudofutebol.org.br\/teste\/?page_id=9299"},"modified":"2023-06-15T11:30:58","modified_gmt":"2023-06-15T14:30:58","slug":"a-felicidade-a-liberdade-e-o-futebol","status":"publish","type":"page","link":"https:\/\/museudofutebol.org.br\/teste\/a-felicidade-a-liberdade-e-o-futebol\/","title":{"rendered":"A felicidade, a liberdade e o futebol\u00a0"},"content":{"rendered":"<p><em><img decoding=\"async\" loading=\"lazy\" class=\"alignnone size-medium wp-image-9300\" src=\"https:\/\/museudofutebol.org.br\/teste\/wp-content\/uploads\/2023\/06\/SITE_04_CRONICAS_EXTRA-640x302.png\" alt=\"Ilustra\u00e7\u00e3o roxa com desenho bem fino mostrando o contorno de um \u00f4nibus urbano\" width=\"640\" height=\"302\" srcset=\"https:\/\/museudofutebol.org.br\/teste\/wp-content\/uploads\/2023\/06\/SITE_04_CRONICAS_EXTRA-640x302.png 640w, https:\/\/museudofutebol.org.br\/teste\/wp-content\/uploads\/2023\/06\/SITE_04_CRONICAS_EXTRA-260x123.png 260w, https:\/\/museudofutebol.org.br\/teste\/wp-content\/uploads\/2023\/06\/SITE_04_CRONICAS_EXTRA-50x24.png 50w, https:\/\/museudofutebol.org.br\/teste\/wp-content\/uploads\/2023\/06\/SITE_04_CRONICAS_EXTRA-150x71.png 150w, https:\/\/museudofutebol.org.br\/teste\/wp-content\/uploads\/2023\/06\/SITE_04_CRONICAS_EXTRA.png 681w\" sizes=\"(max-width:767px) 480px, 640px\" \/><br \/>\nPor Cris Monte Mor<br \/>\nMen\u00e7\u00e3o Honrosa no 2\u00ba Concurso de Cr\u00f4nicas do Museu do Futebol &#8211; 2023\u00a0<\/em><\/p>\n<p><span data-ccp-props=\"{&quot;201341983&quot;:0,&quot;335559739&quot;:160,&quot;335559740&quot;:259}\">\u00a0<\/span><\/p>\n<p><span data-contrast=\"auto\">Dona Tereza descia o morro correndo para n\u00e3o perder o \u00f4nibus. Estava atrasada para assistir ao jogo do seu time do cora\u00e7\u00e3o. Acenou ao motorista para abrir a porta e apresentou a sua carteirinha da terceira idade para n\u00e3o pagar a passagem enquanto se ajeitava num dos bancos da frente.<\/span><span data-ccp-props=\"{&quot;201341983&quot;:0,&quot;335559739&quot;:160,&quot;335559740&quot;:259}\">\u00a0<\/span><\/p>\n<p><span data-contrast=\"auto\">\u2013 Obrigada, meu filho, achei que ia perder o \u00f4nibus. \u2013 disse ela ofegante.\u00a0<\/span><span data-ccp-props=\"{&quot;201341983&quot;:0,&quot;335559739&quot;:160,&quot;335559740&quot;:259}\">\u00a0<\/span><\/p>\n<p><span data-contrast=\"auto\">\u2013 A senhora tem que tomar cuidado, uma hora pode dar um piripaque se ficar correndo assim.<\/span><span data-ccp-props=\"{&quot;201341983&quot;:0,&quot;335559739&quot;:160,&quot;335559740&quot;:259}\">\u00a0<\/span><\/p>\n<p><span data-contrast=\"auto\">\u2013 Piripaque nada, tenho sessenta e oito anos e j\u00e1 vivi muito nessa vida pra morrer \u00e0s v\u00e9speras de ver meu time ganhar o campeonato carioca.<\/span><span data-ccp-props=\"{&quot;201341983&quot;:0,&quot;335559739&quot;:160,&quot;335559740&quot;:259}\">\u00a0<\/span><\/p>\n<p><span data-contrast=\"auto\">\u2013 A senhora falando assim at\u00e9 parece que entende muito de futebol.<\/span><span data-ccp-props=\"{&quot;201341983&quot;:0,&quot;335559739&quot;:160,&quot;335559740&quot;:259}\">\u00a0<\/span><\/p>\n<p><span data-contrast=\"auto\">\u2013 E t\u00e1 falando isso por qu\u00ea? Pela minha idade ou por eu ser mulher?<\/span><span data-ccp-props=\"{&quot;201341983&quot;:0,&quot;335559739&quot;:160,&quot;335559740&quot;:259}\">\u00a0<\/span><\/p>\n<p><span data-contrast=\"auto\">\u2013 N\u00e3o quis ofender nada n\u00e3o senhora, mas \u00e9 que nunca vi uma mulher da sua idade correr tanto para pegar um \u00f4nibus pra ir ao Maracan\u00e3 assistir a um jogo de futebol, s\u00f3 isso.<\/span><span data-ccp-props=\"{&quot;201341983&quot;:0,&quot;335559739&quot;:160,&quot;335559740&quot;:259}\">\u00a0<\/span><\/p>\n<p><span data-contrast=\"auto\">\u2013 Olha que se bobear sei mais de futebol que voc\u00ea, e se quiser fazer um teste \u00e9 s\u00f3 come\u00e7ar. Pergunte o que quiser que eu respondo.<\/span><span data-ccp-props=\"{&quot;201341983&quot;:0,&quot;335559739&quot;:160,&quot;335559740&quot;:259}\">\u00a0<\/span><\/p>\n<p><span data-contrast=\"auto\">\u2013 N\u00e3o senhora, quem sou eu pra ficar questionando a sua sabedoria? S\u00f3 achei diferente mesmo.<\/span><span data-ccp-props=\"{&quot;201341983&quot;:0,&quot;335559739&quot;:160,&quot;335559740&quot;:259}\">\u00a0<\/span><\/p>\n<p><span data-contrast=\"auto\">\u2013 Eu aprendi a gostar de futebol quando via o Zico jogar, era um espet\u00e1culo, uma arte. Aqueles dribles, as estrat\u00e9gias, os confrontos e o coro da torcida, tudo isso sempre me emocionava.<\/span><span data-ccp-props=\"{&quot;201341983&quot;:0,&quot;335559739&quot;:160,&quot;335559740&quot;:259}\">\u00a0<\/span><\/p>\n<p><span data-contrast=\"auto\">\u2013 \u00c9 bonito mesmo.<\/span><span data-ccp-props=\"{&quot;201341983&quot;:0,&quot;335559739&quot;:160,&quot;335559740&quot;:259}\">\u00a0<\/span><\/p>\n<p><span data-contrast=\"auto\">\u2013 S\u00f3 que meu marido nunca me deixava assistir ao jogo e muito menos torcer, dizia que era coisa de homens e que eu tinha \u00e9 que cuidar da casa. Eu chorava toda vez que o meu Flamengo jogava porque eu n\u00e3o podia assistir. Tentava espiar sem ser notada enquanto fazia o servi\u00e7o da casa.<\/span><span data-ccp-props=\"{&quot;201341983&quot;:0,&quot;335559739&quot;:160,&quot;335559740&quot;:259}\">\u00a0<\/span><\/p>\n<p><span data-contrast=\"auto\">\u2013 Poxa, que dif\u00edcil.<\/span><span data-ccp-props=\"{&quot;201341983&quot;:0,&quot;335559739&quot;:160,&quot;335559740&quot;:259}\">\u00a0<\/span><\/p>\n<p><span data-contrast=\"auto\">\u2013 Muito, e eu comecei a decorar a casa com alguns detalhes em preto e vermelho e ele nem notava. Usava alguns acess\u00f3rios e at\u00e9 roupa em algumas ocasi\u00f5es. E foi assim por muito tempo, at\u00e9 o dia que ele se foi.<\/span><span data-ccp-props=\"{&quot;201341983&quot;:0,&quot;335559739&quot;:160,&quot;335559740&quot;:259}\">\u00a0<\/span><\/p>\n<p><span data-contrast=\"auto\">\u2013 Ele morreu, senhora?<\/span><span data-ccp-props=\"{&quot;201341983&quot;:0,&quot;335559739&quot;:160,&quot;335559740&quot;:259}\">\u00a0<\/span><\/p>\n<p><span data-contrast=\"auto\">\u2013 \u00c9, ele morreu e a\u00ed eu pude come\u00e7ar a me organizar para ver os meus jogos e torcer para o meu time sem me preocupar.<\/span><span data-ccp-props=\"{&quot;201341983&quot;:0,&quot;335559739&quot;:160,&quot;335559740&quot;:259}\">\u00a0<\/span><\/p>\n<p><span data-contrast=\"auto\">\u2013 \u00c9 por isso que a senhora est\u00e1 com as unhas pintadas de vermelho e preto, com a camisa do time, seu cabelo \u00e9 bem pretinho e seu batom vermelho?<\/span><span data-ccp-props=\"{&quot;201341983&quot;:0,&quot;335559739&quot;:160,&quot;335559740&quot;:259}\">\u00a0<\/span><\/p>\n<p><span data-contrast=\"auto\">\u2013 Isso filho, voc\u00ea acertou \u2013 falou com muito entusiasmo \u2013 e \u00e9 uma pena que n\u00e3o sou mais nova. Pois ia querer ser jogadora de futebol tamb\u00e9m.<\/span><span data-ccp-props=\"{&quot;201341983&quot;:0,&quot;335559739&quot;:160,&quot;335559740&quot;:259}\">\u00a0<\/span><\/p>\n<p><span data-contrast=\"auto\">\u2013 \u00c9, a senhora gosta mesmo de futebol.<\/span><span data-ccp-props=\"{&quot;201341983&quot;:0,&quot;335559739&quot;:160,&quot;335559740&quot;:259}\">\u00a0<\/span><\/p>\n<p><span data-contrast=\"auto\">\u2013 Gosto filho, na verdade amo. E ainda mais importante \u00e9 a liberdade de poder ser quem a gente quer ser e torcer para o que a gente gosta.<\/span><span data-ccp-props=\"{&quot;201341983&quot;:0,&quot;335559739&quot;:160,&quot;335559740&quot;:259}\">\u00a0<\/span><\/p>\n<p><span data-contrast=\"auto\">\u2013 Isso \u00e9 verdade, deve ser muito ruim n\u00e3o poder fazer as cosias que se gosta. E seu marido, morreu quando?<\/span><span data-ccp-props=\"{&quot;201341983&quot;:0,&quot;335559739&quot;:160,&quot;335559740&quot;:259}\">\u00a0<\/span><\/p>\n<p><span data-contrast=\"auto\">\u2013 Ontem, filho. E hoje de manh\u00e3 foi o enterro.<\/span><span data-ccp-props=\"{&quot;201341983&quot;:0,&quot;335559739&quot;:160,&quot;335559740&quot;:259}\">\u00a0<\/span><\/p>\n","protected":false},"excerpt":{"rendered":"<p>Por Cris Monte Mor Men\u00e7\u00e3o Honrosa no 2\u00ba Concurso de Cr\u00f4nicas do Museu do Futebol &#8211; 2023\u00a0 \u00a0 Dona Tereza descia o morro correndo para n\u00e3o<span class=\"excerpt-hellip\"> [\u2026]<\/span><\/p>\n","protected":false},"author":13,"featured_media":9300,"parent":0,"menu_order":0,"comment_status":"closed","ping_status":"closed","template":"","meta":[],"acf":[],"yoast_head":"<!-- This site is optimized with the Yoast SEO plugin v20.8 - https:\/\/yoast.com\/wordpress\/plugins\/seo\/ -->\n<title>A felicidade, a liberdade e o futebol\u00a0 - Museu do Futebol<\/title>\n<meta name=\"robots\" content=\"index, follow, max-snippet:-1, max-image-preview:large, max-video-preview:-1\" \/>\n<link rel=\"canonical\" href=\"https:\/\/museudofutebol.org.br\/teste\/a-felicidade-a-liberdade-e-o-futebol\/\" \/>\n<meta property=\"og:locale\" content=\"pt_BR\" \/>\n<meta property=\"og:type\" content=\"article\" \/>\n<meta property=\"og:title\" content=\"A felicidade, a liberdade e o futebol\u00a0 - Museu do Futebol\" \/>\n<meta property=\"og:description\" content=\"Por Cris Monte Mor Men\u00e7\u00e3o Honrosa no 2\u00ba Concurso de Cr\u00f4nicas do Museu do Futebol &#8211; 2023\u00a0 \u00a0 Dona Tereza descia o morro correndo para n\u00e3o [\u2026]\" \/>\n<meta property=\"og:url\" content=\"https:\/\/museudofutebol.org.br\/teste\/a-felicidade-a-liberdade-e-o-futebol\/\" \/>\n<meta property=\"og:site_name\" content=\"Museu do Futebol\" \/>\n<meta property=\"article:publisher\" content=\"https:\/\/www.facebook.com\/museudofutebol\" \/>\n<meta property=\"og:image\" content=\"https:\/\/museudofutebol.org.br\/teste\/wp-content\/uploads\/2023\/06\/SITE_04_CRONICAS_EXTRA.png\" \/>\n\t<meta property=\"og:image:width\" content=\"681\" \/>\n\t<meta property=\"og:image:height\" content=\"321\" \/>\n\t<meta property=\"og:image:type\" content=\"image\/png\" \/>\n<meta name=\"twitter:card\" content=\"summary_large_image\" \/>\n<meta name=\"twitter:site\" content=\"@museudofutebol\" \/>\n<meta name=\"twitter:label1\" content=\"Est. tempo de leitura\" \/>\n\t<meta name=\"twitter:data1\" content=\"3 minutos\" \/>\n<script type=\"application\/ld+json\" class=\"yoast-schema-graph\">{\"@context\":\"https:\/\/schema.org\",\"@graph\":[{\"@type\":\"WebPage\",\"@id\":\"https:\/\/museudofutebol.org.br\/teste\/a-felicidade-a-liberdade-e-o-futebol\/\",\"url\":\"https:\/\/museudofutebol.org.br\/teste\/a-felicidade-a-liberdade-e-o-futebol\/\",\"name\":\"A felicidade, a liberdade e o futebol\u00a0 - Museu do Futebol\",\"isPartOf\":{\"@id\":\"https:\/\/museudofutebol.org.br\/teste\/#website\"},\"datePublished\":\"2023-06-15T14:30:58+00:00\",\"dateModified\":\"2023-06-15T14:30:58+00:00\",\"breadcrumb\":{\"@id\":\"https:\/\/museudofutebol.org.br\/teste\/a-felicidade-a-liberdade-e-o-futebol\/#breadcrumb\"},\"inLanguage\":\"pt-BR\",\"potentialAction\":[{\"@type\":\"ReadAction\",\"target\":[\"https:\/\/museudofutebol.org.br\/teste\/a-felicidade-a-liberdade-e-o-futebol\/\"]}]},{\"@type\":\"BreadcrumbList\",\"@id\":\"https:\/\/museudofutebol.org.br\/teste\/a-felicidade-a-liberdade-e-o-futebol\/#breadcrumb\",\"itemListElement\":[{\"@type\":\"ListItem\",\"position\":1,\"name\":\"In\u00edcio\",\"item\":\"https:\/\/museudofutebol.org.br\/teste\/\"},{\"@type\":\"ListItem\",\"position\":2,\"name\":\"A felicidade, a liberdade e o futebol\u00a0\"}]},{\"@type\":\"WebSite\",\"@id\":\"https:\/\/museudofutebol.org.br\/teste\/#website\",\"url\":\"https:\/\/museudofutebol.org.br\/teste\/\",\"name\":\"Museu do Futebol\",\"description\":\"\",\"potentialAction\":[{\"@type\":\"SearchAction\",\"target\":{\"@type\":\"EntryPoint\",\"urlTemplate\":\"https:\/\/museudofutebol.org.br\/teste\/?s={search_term_string}\"},\"query-input\":\"required name=search_term_string\"}],\"inLanguage\":\"pt-BR\"}]}<\/script>\n<!-- \/ Yoast SEO plugin. -->","yoast_head_json":{"title":"A felicidade, a liberdade e o futebol\u00a0 - Museu do Futebol","robots":{"index":"index","follow":"follow","max-snippet":"max-snippet:-1","max-image-preview":"max-image-preview:large","max-video-preview":"max-video-preview:-1"},"canonical":"https:\/\/museudofutebol.org.br\/teste\/a-felicidade-a-liberdade-e-o-futebol\/","og_locale":"pt_BR","og_type":"article","og_title":"A felicidade, a liberdade e o futebol\u00a0 - Museu do Futebol","og_description":"Por Cris Monte Mor Men\u00e7\u00e3o Honrosa no 2\u00ba Concurso de Cr\u00f4nicas do Museu do Futebol &#8211; 2023\u00a0 \u00a0 Dona Tereza descia o morro correndo para n\u00e3o [\u2026]","og_url":"https:\/\/museudofutebol.org.br\/teste\/a-felicidade-a-liberdade-e-o-futebol\/","og_site_name":"Museu do Futebol","article_publisher":"https:\/\/www.facebook.com\/museudofutebol","og_image":[{"width":681,"height":321,"url":"https:\/\/museudofutebol.org.br\/teste\/wp-content\/uploads\/2023\/06\/SITE_04_CRONICAS_EXTRA.png","type":"image\/png"}],"twitter_card":"summary_large_image","twitter_site":"@museudofutebol","twitter_misc":{"Est. tempo de leitura":"3 minutos"},"schema":{"@context":"https:\/\/schema.org","@graph":[{"@type":"WebPage","@id":"https:\/\/museudofutebol.org.br\/teste\/a-felicidade-a-liberdade-e-o-futebol\/","url":"https:\/\/museudofutebol.org.br\/teste\/a-felicidade-a-liberdade-e-o-futebol\/","name":"A felicidade, a liberdade e o futebol\u00a0 - Museu do Futebol","isPartOf":{"@id":"https:\/\/museudofutebol.org.br\/teste\/#website"},"datePublished":"2023-06-15T14:30:58+00:00","dateModified":"2023-06-15T14:30:58+00:00","breadcrumb":{"@id":"https:\/\/museudofutebol.org.br\/teste\/a-felicidade-a-liberdade-e-o-futebol\/#breadcrumb"},"inLanguage":"pt-BR","potentialAction":[{"@type":"ReadAction","target":["https:\/\/museudofutebol.org.br\/teste\/a-felicidade-a-liberdade-e-o-futebol\/"]}]},{"@type":"BreadcrumbList","@id":"https:\/\/museudofutebol.org.br\/teste\/a-felicidade-a-liberdade-e-o-futebol\/#breadcrumb","itemListElement":[{"@type":"ListItem","position":1,"name":"In\u00edcio","item":"https:\/\/museudofutebol.org.br\/teste\/"},{"@type":"ListItem","position":2,"name":"A felicidade, a liberdade e o futebol\u00a0"}]},{"@type":"WebSite","@id":"https:\/\/museudofutebol.org.br\/teste\/#website","url":"https:\/\/museudofutebol.org.br\/teste\/","name":"Museu do Futebol","description":"","potentialAction":[{"@type":"SearchAction","target":{"@type":"EntryPoint","urlTemplate":"https:\/\/museudofutebol.org.br\/teste\/?s={search_term_string}"},"query-input":"required name=search_term_string"}],"inLanguage":"pt-BR"}]}},"_links":{"self":[{"href":"https:\/\/museudofutebol.org.br\/teste\/wp-json\/wp\/v2\/pages\/9299"}],"collection":[{"href":"https:\/\/museudofutebol.org.br\/teste\/wp-json\/wp\/v2\/pages"}],"about":[{"href":"https:\/\/museudofutebol.org.br\/teste\/wp-json\/wp\/v2\/types\/page"}],"author":[{"embeddable":true,"href":"https:\/\/museudofutebol.org.br\/teste\/wp-json\/wp\/v2\/users\/13"}],"replies":[{"embeddable":true,"href":"https:\/\/museudofutebol.org.br\/teste\/wp-json\/wp\/v2\/comments?post=9299"}],"version-history":[{"count":1,"href":"https:\/\/museudofutebol.org.br\/teste\/wp-json\/wp\/v2\/pages\/9299\/revisions"}],"predecessor-version":[{"id":9301,"href":"https:\/\/museudofutebol.org.br\/teste\/wp-json\/wp\/v2\/pages\/9299\/revisions\/9301"}],"wp:featuredmedia":[{"embeddable":true,"href":"https:\/\/museudofutebol.org.br\/teste\/wp-json\/wp\/v2\/media\/9300"}],"wp:attachment":[{"href":"https:\/\/museudofutebol.org.br\/teste\/wp-json\/wp\/v2\/media?parent=9299"}],"curies":[{"name":"wp","href":"https:\/\/api.w.org\/{rel}","templated":true}]}}