{"id":930,"date":"2020-09-11T16:36:46","date_gmt":"2020-09-11T19:36:46","guid":{"rendered":"https:\/\/museudofutebol.org.br\/teste\/?page_id=930"},"modified":"2021-01-08T15:39:44","modified_gmt":"2021-01-08T18:39:44","slug":"pesquisa-e-documentacao","status":"publish","type":"page","link":"https:\/\/museudofutebol.org.br\/teste\/es\/pesquisa-e-documentacao\/","title":{"rendered":"Investigaci\u00f3n y documentaci\u00f3n"},"content":{"rendered":"<div class=\"wpb-content-wrapper\"><p>[vc_row][vc_column width=&#8221;2\/3&#8243;][vc_column_text]La investigaci\u00f3n del CRFB se organiza por proyectos propios o en alianza con universidades, centros de investigaci\u00f3n o investigadores individuales. Los proyectos de investigaci\u00f3n se basan en dos l\u00edneas:<\/p>\n<p><strong>Memoria Viva<\/strong>, con el objetivo de crear series de entrevistas grabadas en audio o v\u00eddeo que registren el testimonio de personas sobre acontecimientos, coyunturas y pr\u00e1cticas relacionadas al f\u00fatbol u otro tema que interese, oportunamente, al Museo del F\u00fatbol. Esa l\u00ednea de investigaci\u00f3n utiliza la metodolog\u00eda de Historia Oral.<\/p>\n<p><strong>En la Red<\/strong>, con el objetivo de identificar, sobre todo desde investigaci\u00f3n de campo, locales, personajes, colecciones, eventos y pr\u00e1cticas relacionadas al f\u00fatbol contempor\u00e1neo. Esa l\u00ednea de investigaci\u00f3n utiliza prioritariamente, pero no exclusivamente, la Etnograf\u00eda como m\u00e9todo.<\/p>\n<p><strong>\u00a0<\/strong>[\/vc_column_text][\/vc_column][vc_column width=&#8221;1\/3&#8243;][vc_wp_custommenu nav_menu=&#8221;72&#8243;][\/vc_column][\/vc_row][vc_row][vc_column][\/vc_column][\/vc_row]<\/p>\n<\/div>","protected":false},"excerpt":{"rendered":"<p>[vc_row][vc_column width=&#8221;2\/3&#8243;][vc_column_text]La investigaci\u00f3n del CRFB se organiza por proyectos propios o en alianza con universidades, centros de investigaci\u00f3n o investigadores individuales. Los proyectos de investigaci\u00f3n se<span class=\"excerpt-hellip\"> [\u2026]<\/span><\/p>\n","protected":false},"author":4,"featured_media":3179,"parent":0,"menu_order":0,"comment_status":"closed","ping_status":"closed","template":"","meta":[],"acf":[],"yoast_head":"<!-- This site is optimized with the Yoast SEO plugin v20.8 - https:\/\/yoast.com\/wordpress\/plugins\/seo\/ -->\n<title>Investigaci\u00f3n y documentaci\u00f3n - Museu do Futebol<\/title>\n<meta name=\"robots\" content=\"index, follow, max-snippet:-1, max-image-preview:large, max-video-preview:-1\" \/>\n<link rel=\"canonical\" href=\"https:\/\/museudofutebol.org.br\/teste\/es\/pesquisa-e-documentacao\/\" \/>\n<meta property=\"og:locale\" content=\"pt_BR\" \/>\n<meta property=\"og:type\" content=\"article\" \/>\n<meta property=\"og:title\" content=\"Investigaci\u00f3n y documentaci\u00f3n - Museu do Futebol\" \/>\n<meta property=\"og:description\" content=\"[vc_row][vc_column width=&#8221;2\/3&#8243;][vc_column_text]La investigaci\u00f3n del CRFB se organiza por proyectos propios o en alianza con universidades, centros de investigaci\u00f3n o investigadores individuales. Los proyectos de investigaci\u00f3n se [\u2026]\" \/>\n<meta property=\"og:url\" content=\"https:\/\/museudofutebol.org.br\/teste\/es\/pesquisa-e-documentacao\/\" \/>\n<meta property=\"og:site_name\" content=\"Museu do Futebol\" \/>\n<meta property=\"article:publisher\" content=\"https:\/\/www.facebook.com\/museudofutebol\" \/>\n<meta property=\"article:modified_time\" content=\"2021-01-08T18:39:44+00:00\" \/>\n<meta property=\"og:image\" content=\"https:\/\/museudofutebol.org.br\/teste\/wp-content\/uploads\/2020\/12\/destaque_pesquisa.jpg\" \/>\n\t<meta property=\"og:image:width\" content=\"640\" \/>\n\t<meta property=\"og:image:height\" content=\"360\" \/>\n\t<meta property=\"og:image:type\" content=\"image\/jpeg\" \/>\n<meta name=\"twitter:card\" content=\"summary_large_image\" \/>\n<meta name=\"twitter:site\" content=\"@museudofutebol\" \/>\n<meta name=\"twitter:label1\" content=\"Est. tempo de leitura\" \/>\n\t<meta name=\"twitter:data1\" content=\"1 minuto\" \/>\n<script type=\"application\/ld+json\" class=\"yoast-schema-graph\">{\"@context\":\"https:\/\/schema.org\",\"@graph\":[{\"@type\":\"WebPage\",\"@id\":\"https:\/\/museudofutebol.org.br\/teste\/es\/pesquisa-e-documentacao\/\",\"url\":\"https:\/\/museudofutebol.org.br\/teste\/es\/pesquisa-e-documentacao\/\",\"name\":\"Investigaci\u00f3n y documentaci\u00f3n - Museu do Futebol\",\"isPartOf\":{\"@id\":\"https:\/\/museudofutebol.org.br\/teste\/#website\"},\"datePublished\":\"2020-09-11T19:36:46+00:00\",\"dateModified\":\"2021-01-08T18:39:44+00:00\",\"breadcrumb\":{\"@id\":\"https:\/\/museudofutebol.org.br\/teste\/es\/pesquisa-e-documentacao\/#breadcrumb\"},\"inLanguage\":\"pt-BR\",\"potentialAction\":[{\"@type\":\"ReadAction\",\"target\":[\"https:\/\/museudofutebol.org.br\/teste\/es\/pesquisa-e-documentacao\/\"]}]},{\"@type\":\"BreadcrumbList\",\"@id\":\"https:\/\/museudofutebol.org.br\/teste\/es\/pesquisa-e-documentacao\/#breadcrumb\",\"itemListElement\":[{\"@type\":\"ListItem\",\"position\":1,\"name\":\"In\u00edcio\",\"item\":\"https:\/\/museudofutebol.org.br\/teste\/\"},{\"@type\":\"ListItem\",\"position\":2,\"name\":\"Investigaci\u00f3n y documentaci\u00f3n\"}]},{\"@type\":\"WebSite\",\"@id\":\"https:\/\/museudofutebol.org.br\/teste\/#website\",\"url\":\"https:\/\/museudofutebol.org.br\/teste\/\",\"name\":\"Museu do Futebol\",\"description\":\"\",\"potentialAction\":[{\"@type\":\"SearchAction\",\"target\":{\"@type\":\"EntryPoint\",\"urlTemplate\":\"https:\/\/museudofutebol.org.br\/teste\/?s={search_term_string}\"},\"query-input\":\"required name=search_term_string\"}],\"inLanguage\":\"pt-BR\"}]}<\/script>\n<!-- \/ Yoast SEO plugin. -->","yoast_head_json":{"title":"Investigaci\u00f3n y documentaci\u00f3n - Museu do Futebol","robots":{"index":"index","follow":"follow","max-snippet":"max-snippet:-1","max-image-preview":"max-image-preview:large","max-video-preview":"max-video-preview:-1"},"canonical":"https:\/\/museudofutebol.org.br\/teste\/es\/pesquisa-e-documentacao\/","og_locale":"pt_BR","og_type":"article","og_title":"Investigaci\u00f3n y documentaci\u00f3n - Museu do Futebol","og_description":"[vc_row][vc_column width=&#8221;2\/3&#8243;][vc_column_text]La investigaci\u00f3n del CRFB se organiza por proyectos propios o en alianza con universidades, centros de investigaci\u00f3n o investigadores individuales. Los proyectos de investigaci\u00f3n se [\u2026]","og_url":"https:\/\/museudofutebol.org.br\/teste\/es\/pesquisa-e-documentacao\/","og_site_name":"Museu do Futebol","article_publisher":"https:\/\/www.facebook.com\/museudofutebol","article_modified_time":"2021-01-08T18:39:44+00:00","og_image":[{"width":640,"height":360,"url":"https:\/\/museudofutebol.org.br\/teste\/wp-content\/uploads\/2020\/12\/destaque_pesquisa.jpg","type":"image\/jpeg"}],"twitter_card":"summary_large_image","twitter_site":"@museudofutebol","twitter_misc":{"Est. tempo de leitura":"1 minuto"},"schema":{"@context":"https:\/\/schema.org","@graph":[{"@type":"WebPage","@id":"https:\/\/museudofutebol.org.br\/teste\/es\/pesquisa-e-documentacao\/","url":"https:\/\/museudofutebol.org.br\/teste\/es\/pesquisa-e-documentacao\/","name":"Investigaci\u00f3n y documentaci\u00f3n - Museu do Futebol","isPartOf":{"@id":"https:\/\/museudofutebol.org.br\/teste\/#website"},"datePublished":"2020-09-11T19:36:46+00:00","dateModified":"2021-01-08T18:39:44+00:00","breadcrumb":{"@id":"https:\/\/museudofutebol.org.br\/teste\/es\/pesquisa-e-documentacao\/#breadcrumb"},"inLanguage":"pt-BR","potentialAction":[{"@type":"ReadAction","target":["https:\/\/museudofutebol.org.br\/teste\/es\/pesquisa-e-documentacao\/"]}]},{"@type":"BreadcrumbList","@id":"https:\/\/museudofutebol.org.br\/teste\/es\/pesquisa-e-documentacao\/#breadcrumb","itemListElement":[{"@type":"ListItem","position":1,"name":"In\u00edcio","item":"https:\/\/museudofutebol.org.br\/teste\/"},{"@type":"ListItem","position":2,"name":"Investigaci\u00f3n y documentaci\u00f3n"}]},{"@type":"WebSite","@id":"https:\/\/museudofutebol.org.br\/teste\/#website","url":"https:\/\/museudofutebol.org.br\/teste\/","name":"Museu do Futebol","description":"","potentialAction":[{"@type":"SearchAction","target":{"@type":"EntryPoint","urlTemplate":"https:\/\/museudofutebol.org.br\/teste\/?s={search_term_string}"},"query-input":"required name=search_term_string"}],"inLanguage":"pt-BR"}]}},"_links":{"self":[{"href":"https:\/\/museudofutebol.org.br\/teste\/wp-json\/wp\/v2\/pages\/930"}],"collection":[{"href":"https:\/\/museudofutebol.org.br\/teste\/wp-json\/wp\/v2\/pages"}],"about":[{"href":"https:\/\/museudofutebol.org.br\/teste\/wp-json\/wp\/v2\/types\/page"}],"author":[{"embeddable":true,"href":"https:\/\/museudofutebol.org.br\/teste\/wp-json\/wp\/v2\/users\/4"}],"replies":[{"embeddable":true,"href":"https:\/\/museudofutebol.org.br\/teste\/wp-json\/wp\/v2\/comments?post=930"}],"version-history":[{"count":5,"href":"https:\/\/museudofutebol.org.br\/teste\/wp-json\/wp\/v2\/pages\/930\/revisions"}],"predecessor-version":[{"id":2319,"href":"https:\/\/museudofutebol.org.br\/teste\/wp-json\/wp\/v2\/pages\/930\/revisions\/2319"}],"wp:featuredmedia":[{"embeddable":true,"href":"https:\/\/museudofutebol.org.br\/teste\/wp-json\/wp\/v2\/media\/3179"}],"wp:attachment":[{"href":"https:\/\/museudofutebol.org.br\/teste\/wp-json\/wp\/v2\/media?parent=930"}],"curies":[{"name":"wp","href":"https:\/\/api.w.org\/{rel}","templated":true}]}}